{"id":44881,"date":"2024-07-26T19:46:14","date_gmt":"2024-07-26T19:46:14","guid":{"rendered":"http:\/\/itech.dv.ancorathemes.com\/?page_id=44881"},"modified":"2025-11-04T06:55:05","modified_gmt":"2025-11-04T06:55:05","slug":"unsere-dienstleistungen","status":"publish","type":"page","link":"https:\/\/www.aksinsaglik.com.tr\/de\/unsere-dienstleistungen\/","title":{"rendered":"Unsere Dienstleistungen"},"content":{"rendered":"<div data-elementor-type=\"wp-page\" data-elementor-id=\"44881\" class=\"elementor elementor-44881\" data-elementor-post-type=\"page\">\n\t\t\t\t\t\t<section class=\"elementor-section elementor-top-section elementor-element elementor-element-507c9ed elementor-section-boxed elementor-section-height-default elementor-section-height-default sc_fly_static\" data-id=\"507c9ed\" data-element_type=\"section\">\n\t\t\t\t\t\t<div class=\"elementor-container elementor-column-gap-extended\">\n\t\t\t\t\t<div class=\"elementor-column elementor-col-100 elementor-top-column elementor-element elementor-element-8faf0a3 sc_content_align_inherit sc_layouts_column_icons_position_left sc_fly_static\" data-id=\"8faf0a3\" data-element_type=\"column\">\n\t\t\t<div class=\"elementor-widget-wrap\">\n\t\t\t\t\t\t\t<\/div>\n\t\t<\/div>\n\t\t\t\t\t<\/div>\n\t\t<\/section>\n\t\t\t\t<section class=\"elementor-section elementor-top-section elementor-element elementor-element-19fcbc8 elementor-section-boxed elementor-section-height-default elementor-section-height-default sc_fly_static\" data-id=\"19fcbc8\" data-element_type=\"section\">\n\t\t\t\t\t\t<div class=\"elementor-container elementor-column-gap-extended\">\n\t\t\t\t\t<div class=\"elementor-column elementor-col-100 elementor-top-column elementor-element elementor-element-1f0bde6 sc_content_align_inherit sc_layouts_column_icons_position_left sc_fly_static\" data-id=\"1f0bde6\" data-element_type=\"column\">\n\t\t\t<div class=\"elementor-widget-wrap elementor-element-populated\">\n\t\t\t\t\t\t<div class=\"elementor-element elementor-element-19020e2 sc_height_small sc_fly_static elementor-widget elementor-widget-spacer\" data-id=\"19020e2\" data-element_type=\"widget\" data-widget_type=\"spacer.default\">\n\t\t\t\t<div class=\"elementor-widget-container\">\n\t\t\t\t\t\t\t<div class=\"elementor-spacer\">\n\t\t\t<div class=\"elementor-spacer-inner\"><\/div>\n\t\t<\/div>\n\t\t\t\t\t\t<\/div>\n\t\t\t\t<\/div>\n\t\t\t\t<div class=\"elementor-element elementor-element-37404b9 sc_fly_static elementor-widget elementor-widget-trx_sc_price\" data-id=\"37404b9\" data-element_type=\"widget\" data-widget_type=\"trx_sc_price.default\">\n\t\t\t\t<div class=\"elementor-widget-container\">\n\t\t\t\t\t<div  \n\tclass=\"sc_price sc_price_metro\"><div class=\"sc_price_columns_wrap sc_item_columns trx_addons_columns_wrap columns_padding_bottom columns_in_single_row\"><div class=\"trx_addons_column-1_4 trx_addons_column-1_2-mobile\"><div class=\"sc_price_item sc_price_item_metro\">\n\t\t\t<div class=\"sc_price_item_inner\"><div class=\"sc_price_item_info_top\"><h3 class=\"sc_price_item_title\"><span>\u00c4sthetische Chirurgie<\/span><\/h3><\/div><div class=\"sc_price_item_info\"><div class=\"sc_price_item_details\"><ul><li>Gesichtslifting<\/li><li>Otoplastik<\/li><li>Augenbrauen-Lifting<\/li><li>Wangenknochen<\/li><li>Kinnspitzen-\u00c4sthetik<\/li><li>Fibroblasten<\/li><li>Stammzelle<\/li><li>Nasenkorrektur<\/li><li>Mini-Rhinoplastik<\/li><li>Septorhinoplastik<\/li><li>Tipplasty<\/li><li>Brustvergr\u00f6\u00dferung<\/li><li>Brustverkleinerung<\/li><li>Bruststraffung<\/li><li>Asymmetrie der Br\u00fcste<\/li><li>Gyn\u00e4komastie<\/li><li>Bauchdeckenstraffung<\/li><li>Arm- und Beinstreckung<\/li><li>Oberschenkelstraffung<\/li><li>Klitorisverkleinerung Chirurgie<\/li><li>Vaginoplastik<\/li><li>Po-\u00c4sthetik<\/li><li>\u00c4sthetik der Beine<\/li><li>Fettabsaugung<\/li><li>Vaser-Liposuktion<\/li><li>Korrektur von Narben<\/li><li>Ben Intake<\/li><li>Mama machen \u00fcber<\/li><li>Laser-Liposuktion<\/li><li>Septorhinoplastik<\/li><li>Gesichts- und Halsstraffung<\/li><li>Doppelkinn-Liposuktion<\/li><li>Brasilianisches Butt Lifting<\/li><li>360 Fettabsaugung und vollst\u00e4ndige Bauchstraffung<\/li><\/ul><\/div><\/div><!-- \/.sc_price_item_info --><\/div><!-- \/.sc_price_item_inner --><\/div><\/div><div class=\"trx_addons_column-1_4 trx_addons_column-1_2-mobile\"><div class=\"sc_price_item sc_price_item_metro\">\n\t\t\t<div class=\"sc_price_item_inner\"><div class=\"sc_price_item_info_top\"><h3 class=\"sc_price_item_title\"><span>Medizinische \u00c4sthetik<\/span><\/h3><\/div><div class=\"sc_price_item_info\"><div class=\"sc_price_item_details\"><ul><li>Gesicht prp<\/li><li>Jugendimpfung<\/li><li>Lippenauff\u00fcller<\/li><li>Gesichtskonturierung mit Fillern<\/li><li>Zygoma-F\u00fcllung<\/li><li>Kinn-F\u00fcllung<\/li><li>Botox<\/li><li>Schwitzen Botox<\/li><li>Migr\u00e4ne-Botox<\/li><li>F\u00fcllung unter den Augen<\/li><li>Hand und Dekolletee prp<\/li><li>Lachs-DNA<\/li><li>Baby-Gesichtslaser<\/li><li>Gesichtsverj\u00fcngung mit der Regenera Activa Zentrifuge<\/li><li>Hautpflege mit Hydrafacial<\/li><\/ul><\/div><\/div><!-- \/.sc_price_item_info --><\/div><!-- \/.sc_price_item_inner --><\/div><\/div><div class=\"trx_addons_column-1_4 trx_addons_column-1_2-mobile\"><div class=\"sc_price_item sc_price_item_metro\">\n\t\t\t<div class=\"sc_price_item_inner\"><div class=\"sc_price_item_info_top\"><h3 class=\"sc_price_item_title\"><span>Haartransplantation<\/span><\/h3><\/div><div class=\"sc_price_item_info\"><div class=\"sc_price_item_details\"><ul><li>Sapphire FUE-Haartransplantation<\/li><li>DHI-Haartransplantation\u00a0<\/li><li>DHI Langhaartransplantation<\/li><li>Unrasierte Haartransplantation<\/li><li>Barttransplantation<\/li><li>Augenbrauentransplantation<\/li><li>Afro-Haartransplantation<\/li><li>Haartransplantation bei Frauen<\/li><li>Zellunterst\u00fctzung bei der Haartransplantation mit Stammzellen<\/li><li>Gef\u00fchrte Therapie<\/li><li>Wimpern-Transplantation<\/li><\/ul><\/div><\/div><!-- \/.sc_price_item_info --><\/div><!-- \/.sc_price_item_inner --><\/div><\/div><div class=\"trx_addons_column-1_4 trx_addons_column-1_2-mobile\"><div class=\"sc_price_item sc_price_item_metro\">\n\t\t\t<div class=\"sc_price_item_inner\"><div class=\"sc_price_item_info_top\"><h3 class=\"sc_price_item_title\"><span>Zahnbehandlung<\/span><\/h3><\/div><div class=\"sc_price_item_info\"><div class=\"sc_price_item_details\"><ul><li>L\u00e4cheln gestalten (Hollywood-L\u00e4cheln)<\/li><li>Porzellan Lamina (Blattporzellan)<\/li><li>Empress Tooth (Vollporzellan) Veneers<\/li><li>Zirkonium-Furnier<\/li><li>Zahnprothese<\/li><li>Inlay- und Onlay-F\u00fcllungen<\/li><li>Implantat-Behandlung<\/li><li>Parodontologie (Zahnfleischerkrankungen)<\/li><li>Zahnaufhellung<\/li><li>Kieferorthop\u00e4dische Behandlung<\/li><li>Z\u00e4hneknirschen<\/li><li>Digitale An\u00e4sthesie<\/li><li>Schnarchen Behandlung<\/li><li>Panorama-R\u00f6ntgenbild<\/li><li>Laser-Zahnbehandlungen<\/li><li>Zahnwurzelbehandlung<\/li><li>Zahnstein Reinigung<\/li><li>Bonding (Komposit-Laminat)<\/li><\/ul><\/div><\/div><!-- \/.sc_price_item_info --><\/div><!-- \/.sc_price_item_inner --><\/div><\/div><\/div><\/div><!-- \/.sc_price -->\t\t\t\t<\/div>\n\t\t\t\t<\/div>\n\t\t\t\t<div class=\"elementor-element elementor-element-2339ce9 sc_height_huge sc_fly_static elementor-widget elementor-widget-spacer\" data-id=\"2339ce9\" data-element_type=\"widget\" data-widget_type=\"spacer.default\">\n\t\t\t\t<div class=\"elementor-widget-container\">\n\t\t\t\t\t\t\t<div class=\"elementor-spacer\">\n\t\t\t<div class=\"elementor-spacer-inner\"><\/div>\n\t\t<\/div>\n\t\t\t\t\t\t<\/div>\n\t\t\t\t<\/div>\n\t\t\t\t\t<\/div>\n\t\t<\/div>\n\t\t\t\t\t<\/div>\n\t\t<\/section>\n\t\t\t\t<section class=\"elementor-section elementor-top-section elementor-element elementor-element-43fe7b0 elementor-section-boxed elementor-section-height-default elementor-section-height-default sc_fly_static\" data-id=\"43fe7b0\" data-element_type=\"section\" data-settings=\"{&quot;background_background&quot;:&quot;classic&quot;}\">\n\t\t\t\t\t\t<div class=\"elementor-container elementor-column-gap-extended\">\n\t\t\t\t\t<div class=\"elementor-column elementor-col-100 elementor-top-column elementor-element elementor-element-ddd96e7 sc_content_align_inherit sc_layouts_column_icons_position_left sc_fly_static\" data-id=\"ddd96e7\" data-element_type=\"column\">\n\t\t\t<div class=\"elementor-widget-wrap elementor-element-populated\">\n\t\t\t\t\t\t<div class=\"elementor-element elementor-element-02802b3 sc_height_huge sc_fly_static elementor-widget elementor-widget-spacer\" data-id=\"02802b3\" data-element_type=\"widget\" data-widget_type=\"spacer.default\">\n\t\t\t\t<div class=\"elementor-widget-container\">\n\t\t\t\t\t\t\t<div class=\"elementor-spacer\">\n\t\t\t<div class=\"elementor-spacer-inner\"><\/div>\n\t\t<\/div>\n\t\t\t\t\t\t<\/div>\n\t\t\t\t<\/div>\n\t\t\t\t\t<\/div>\n\t\t<\/div>\n\t\t\t\t\t<\/div>\n\t\t<\/section>\n\t\t\t\t<\/div>","protected":false},"excerpt":{"rendered":"<p>Estetik Cerrahi Y\u00fcz Germe Otoplasti Ka\u015f Kald\u0131rma Elmac\u0131k Kemi\u011fi \u00c7ene Ucu Esteti\u011fi Fibroblast K\u00f6k H\u00fccre Rinoplasti Mini Rinoplasti Septorinoplasti Tipplasti Meme B\u00fcy\u00fctme Meme K\u00fc\u00e7\u00fcltme Meme Dikle\u015ftirme Meme Asimetri Jinekomasti Kar\u0131n&hellip;<\/p>","protected":false},"author":1,"featured_media":59093,"parent":0,"menu_order":0,"comment_status":"closed","ping_status":"closed","template":"","meta":{"footnotes":""},"class_list":["post-44881","page","type-page","status-publish","has-post-thumbnail","hentry"],"_links":{"self":[{"href":"https:\/\/www.aksinsaglik.com.tr\/de\/wp-json\/wp\/v2\/pages\/44881","targetHints":{"allow":["GET"]}}],"collection":[{"href":"https:\/\/www.aksinsaglik.com.tr\/de\/wp-json\/wp\/v2\/pages"}],"about":[{"href":"https:\/\/www.aksinsaglik.com.tr\/de\/wp-json\/wp\/v2\/types\/page"}],"author":[{"embeddable":true,"href":"https:\/\/www.aksinsaglik.com.tr\/de\/wp-json\/wp\/v2\/users\/1"}],"replies":[{"embeddable":true,"href":"https:\/\/www.aksinsaglik.com.tr\/de\/wp-json\/wp\/v2\/comments?post=44881"}],"version-history":[{"count":37,"href":"https:\/\/www.aksinsaglik.com.tr\/de\/wp-json\/wp\/v2\/pages\/44881\/revisions"}],"predecessor-version":[{"id":59172,"href":"https:\/\/www.aksinsaglik.com.tr\/de\/wp-json\/wp\/v2\/pages\/44881\/revisions\/59172"}],"wp:featuredmedia":[{"embeddable":true,"href":"https:\/\/www.aksinsaglik.com.tr\/de\/wp-json\/wp\/v2\/media\/59093"}],"wp:attachment":[{"href":"https:\/\/www.aksinsaglik.com.tr\/de\/wp-json\/wp\/v2\/media?parent=44881"}],"curies":[{"name":"wp","href":"https:\/\/api.w.org\/{rel}","templated":true}]}}