{"id":44879,"date":"2024-07-26T19:45:48","date_gmt":"2024-07-26T19:45:48","guid":{"rendered":"http:\/\/itech.dv.ancorathemes.com\/?page_id=44879"},"modified":"2025-11-03T14:17:32","modified_gmt":"2025-11-03T14:17:32","slug":"about-us","status":"publish","type":"page","link":"https:\/\/www.aksinsaglik.com.tr\/en\/about-us\/","title":{"rendered":"About Us"},"content":{"rendered":"<div data-elementor-type=\"wp-page\" data-elementor-id=\"44879\" class=\"elementor elementor-44879\" data-elementor-post-type=\"page\">\n\t\t\t\t\t\t<section class=\"elementor-section elementor-top-section elementor-element elementor-element-2f9883b elementor-section-boxed elementor-section-height-default elementor-section-height-default sc_fly_static\" data-id=\"2f9883b\" data-element_type=\"section\">\n\t\t\t\t\t\t<div class=\"elementor-container elementor-column-gap-extended\">\n\t\t\t\t\t<div class=\"elementor-column elementor-col-100 elementor-top-column elementor-element elementor-element-a9f0329 sc_content_align_inherit sc_layouts_column_icons_position_left sc_fly_static\" data-id=\"a9f0329\" data-element_type=\"column\">\n\t\t\t<div class=\"elementor-widget-wrap elementor-element-populated\">\n\t\t\t\t\t\t<div class=\"elementor-element elementor-element-8fd2141 sc_fly_static elementor-widget elementor-widget-spacer\" data-id=\"8fd2141\" data-element_type=\"widget\" data-widget_type=\"spacer.default\">\n\t\t\t\t<div class=\"elementor-widget-container\">\n\t\t\t\t\t\t\t<div class=\"elementor-spacer\">\n\t\t\t<div class=\"elementor-spacer-inner\"><\/div>\n\t\t<\/div>\n\t\t\t\t\t\t<\/div>\n\t\t\t\t<\/div>\n\t\t\t\t\t<\/div>\n\t\t<\/div>\n\t\t\t\t\t<\/div>\n\t\t<\/section>\n\t\t\t\t<section class=\"elementor-section elementor-top-section elementor-element elementor-element-134dd7ad elementor-section-content-middle elementor-section-boxed elementor-section-height-default elementor-section-height-default sc_fly_static\" data-id=\"134dd7ad\" data-element_type=\"section\">\n\t\t\t\t\t\t<div class=\"elementor-container elementor-column-gap-extended\">\n\t\t\t\t\t<div class=\"elementor-column elementor-col-50 elementor-top-column elementor-element elementor-element-14b484c9 sc_content_align_inherit sc_layouts_column_icons_position_left sc_fly_static\" data-id=\"14b484c9\" data-element_type=\"column\">\n\t\t\t<div class=\"elementor-widget-wrap elementor-element-populated\">\n\t\t\t\t\t\t<section class=\"elementor-section elementor-inner-section elementor-element elementor-element-725e06d elementor-section-boxed elementor-section-height-default elementor-section-height-default sc_fly_static\" data-id=\"725e06d\" data-element_type=\"section\">\n\t\t\t\t\t\t<div class=\"elementor-container elementor-column-gap-no\">\n\t\t\t\t\t<div class=\"elementor-column elementor-col-50 elementor-inner-column elementor-element elementor-element-7df06485 sc_content_align_inherit sc_layouts_column_icons_position_left sc_fly_static\" data-id=\"7df06485\" data-element_type=\"column\">\n\t\t\t<div class=\"elementor-widget-wrap elementor-element-populated\">\n\t\t\t\t\t\t<div class=\"elementor-element elementor-element-41c98475 no-title sc_fly_static elementor-widget elementor-widget-image\" data-id=\"41c98475\" data-element_type=\"widget\" data-widget_type=\"image.default\">\n\t\t\t\t<div class=\"elementor-widget-container\">\n\t\t\t\t\t\t\t\t\t\t\t\t\t\t\t<img fetchpriority=\"high\" decoding=\"async\" width=\"500\" height=\"800\" src=\"https:\/\/www.aksinsaglik.com.tr\/wp-content\/uploads\/2025\/10\/hakkimizda2.webp\" class=\"attachment-full size-full wp-image-58822\" alt=\"\" srcset=\"https:\/\/www.aksinsaglik.com.tr\/wp-content\/uploads\/2025\/10\/hakkimizda2.webp 500w, https:\/\/www.aksinsaglik.com.tr\/wp-content\/uploads\/2025\/10\/hakkimizda2-188x300.webp 188w, https:\/\/www.aksinsaglik.com.tr\/wp-content\/uploads\/2025\/10\/hakkimizda2-370x592.webp 370w, https:\/\/www.aksinsaglik.com.tr\/wp-content\/uploads\/2025\/10\/hakkimizda2-410x656.webp 410w\" sizes=\"(max-width: 600px) 100vw, 500px\" \/>\t\t\t\t\t\t\t\t\t\t\t\t\t\t\t<\/div>\n\t\t\t\t<\/div>\n\t\t\t\t<div class=\"elementor-element elementor-element-3f227909 sc_height_large sc_layouts_hide_on_mobile sc_fly_static elementor-widget elementor-widget-spacer\" data-id=\"3f227909\" data-element_type=\"widget\" data-widget_type=\"spacer.default\">\n\t\t\t\t<div class=\"elementor-widget-container\">\n\t\t\t\t\t\t\t<div class=\"elementor-spacer\">\n\t\t\t<div class=\"elementor-spacer-inner\"><\/div>\n\t\t<\/div>\n\t\t\t\t\t\t<\/div>\n\t\t\t\t<\/div>\n\t\t\t\t\t<\/div>\n\t\t<\/div>\n\t\t\t\t<div class=\"elementor-column elementor-col-50 elementor-inner-column elementor-element elementor-element-2b6b0af3 sc_content_align_inherit sc_layouts_column_icons_position_left sc_fly_static\" data-id=\"2b6b0af3\" data-element_type=\"column\">\n\t\t\t<div class=\"elementor-widget-wrap elementor-element-populated\">\n\t\t\t\t\t\t<div class=\"elementor-element elementor-element-2efd409e no-title sc_fly_static elementor-widget elementor-widget-image\" data-id=\"2efd409e\" data-element_type=\"widget\" data-widget_type=\"image.default\">\n\t\t\t\t<div class=\"elementor-widget-container\">\n\t\t\t\t\t\t\t\t\t\t\t\t\t\t\t<img decoding=\"async\" width=\"1000\" height=\"1000\" src=\"https:\/\/www.aksinsaglik.com.tr\/wp-content\/uploads\/2025\/10\/hakkimizda.webp\" class=\"attachment-full size-full wp-image-58816\" alt=\"\" srcset=\"https:\/\/www.aksinsaglik.com.tr\/wp-content\/uploads\/2025\/10\/hakkimizda.webp 1000w, https:\/\/www.aksinsaglik.com.tr\/wp-content\/uploads\/2025\/10\/hakkimizda-300x300.webp 300w, https:\/\/www.aksinsaglik.com.tr\/wp-content\/uploads\/2025\/10\/hakkimizda-150x150.webp 150w, https:\/\/www.aksinsaglik.com.tr\/wp-content\/uploads\/2025\/10\/hakkimizda-768x768.webp 768w, https:\/\/www.aksinsaglik.com.tr\/wp-content\/uploads\/2025\/10\/hakkimizda-370x370.webp 370w, https:\/\/www.aksinsaglik.com.tr\/wp-content\/uploads\/2025\/10\/hakkimizda-120x120.webp 120w, https:\/\/www.aksinsaglik.com.tr\/wp-content\/uploads\/2025\/10\/hakkimizda-840x840.webp 840w, https:\/\/www.aksinsaglik.com.tr\/wp-content\/uploads\/2025\/10\/hakkimizda-410x410.webp 410w, https:\/\/www.aksinsaglik.com.tr\/wp-content\/uploads\/2025\/10\/hakkimizda-630x630.webp 630w, https:\/\/www.aksinsaglik.com.tr\/wp-content\/uploads\/2025\/10\/hakkimizda-600x600.webp 600w\" sizes=\"(max-width: 1000px) 100vw, 1000px\" \/>\t\t\t\t\t\t\t\t\t\t\t\t\t\t\t<\/div>\n\t\t\t\t<\/div>\n\t\t\t\t\t<\/div>\n\t\t<\/div>\n\t\t\t\t\t<\/div>\n\t\t<\/section>\n\t\t\t\t\t<\/div>\n\t\t<\/div>\n\t\t\t\t<div class=\"elementor-column elementor-col-50 elementor-top-column elementor-element elementor-element-47785a24 sc_content_align_inherit sc_layouts_column_icons_position_left sc_fly_static\" data-id=\"47785a24\" data-element_type=\"column\">\n\t\t\t<div class=\"elementor-widget-wrap elementor-element-populated\">\n\t\t\t\t\t\t<div class=\"elementor-element elementor-element-560239cd elementor-widget__width-initial sc_fly_static elementor-widget elementor-widget-trx_sc_title\" data-id=\"560239cd\" data-element_type=\"widget\" data-widget_type=\"trx_sc_title.default\">\n\t\t\t\t<div class=\"elementor-widget-container\">\n\t\t\t\t\t<div\t\tclass=\"sc_title sc_title_default\" ><div class=\"sc_item_descr sc_title_descr\"><p>The address where health, aesthetics and trust come together: Aksin International Health Travel Agency.<br \/>\nOur agency, which offers services at international standards in the field of health tourism, offers our guests a safe, comfortable and personalized treatment experience by cooperating with Turkey's most distinguished health institutions and expert medical staff.<\/p>\n<p>Aks\u0131n International sees health tourism not only as a travel service but also as a holistic healing and regeneration process. Since each individual's needs are different, we create a customized treatment protocol for each client and work meticulously to offer the right solutions in the fields of medical aesthetics, plastic surgery and hair transplantation.<\/p>\n<p>Aks\u0131n International, which has fulfilled all legal requirements, has a Health Tourism Authorization Certificate and works with experienced health professionals, promises its guests not only treatment but also trust, comfort and satisfaction.<br \/>\nOur expert team is with you at every stage of your treatment process, organizing all processes from flight planning to accommodation, from hospital coordination to post-treatment follow-up.<\/p>\n<p>As Aks\u0131n International, our goal is to bring Turkey's superior quality in the field of healthcare to the world and to ensure that each of our patients returns home both refreshed and smiling.<\/p>\n<p>The biggest success for us is your satisfaction.<br \/>\nAks\u0131n International Health Travel Agency - We are on our way to a healthy future together.<\/p>\n<\/div><\/div>\t\t\t\t<\/div>\n\t\t\t\t<\/div>\n\t\t\t\t\t<\/div>\n\t\t<\/div>\n\t\t\t\t\t<\/div>\n\t\t<\/section>\n\t\t\t\t<section class=\"elementor-section elementor-top-section elementor-element elementor-element-fafbb44 elementor-section-boxed elementor-section-height-default elementor-section-height-default sc_fly_static\" data-id=\"fafbb44\" data-element_type=\"section\">\n\t\t\t\t\t\t<div class=\"elementor-container elementor-column-gap-extended\">\n\t\t\t\t\t<div class=\"elementor-column elementor-col-100 elementor-top-column elementor-element elementor-element-948c362 sc_content_align_inherit sc_layouts_column_icons_position_left sc_fly_static\" data-id=\"948c362\" data-element_type=\"column\">\n\t\t\t<div class=\"elementor-widget-wrap elementor-element-populated\">\n\t\t\t\t\t\t<div class=\"elementor-element elementor-element-fc126b2 sc_fly_static elementor-widget elementor-widget-spacer\" data-id=\"fc126b2\" data-element_type=\"widget\" data-widget_type=\"spacer.default\">\n\t\t\t\t<div class=\"elementor-widget-container\">\n\t\t\t\t\t\t\t<div class=\"elementor-spacer\">\n\t\t\t<div class=\"elementor-spacer-inner\"><\/div>\n\t\t<\/div>\n\t\t\t\t\t\t<\/div>\n\t\t\t\t<\/div>\n\t\t\t\t\t<\/div>\n\t\t<\/div>\n\t\t\t\t\t<\/div>\n\t\t<\/section>\n\t\t\t\t<section class=\"elementor-section elementor-top-section elementor-element elementor-element-d8d597a elementor-section-boxed elementor-section-height-default elementor-section-height-default sc_fly_static\" data-id=\"d8d597a\" data-element_type=\"section\">\n\t\t\t\t\t\t<div class=\"elementor-container elementor-column-gap-extended\">\n\t\t\t\t\t<div class=\"elementor-column elementor-col-100 elementor-top-column elementor-element elementor-element-f286257 sc_content_align_inherit sc_layouts_column_icons_position_left sc_fly_static\" data-id=\"f286257\" data-element_type=\"column\">\n\t\t\t<div class=\"elementor-widget-wrap elementor-element-populated\">\n\t\t\t\t\t\t<div class=\"elementor-element elementor-element-fc9573f sc_fly_static elementor-widget elementor-widget-heading\" data-id=\"fc9573f\" data-element_type=\"widget\" data-widget_type=\"heading.default\">\n\t\t\t\t<div class=\"elementor-widget-container\">\n\t\t\t\t\t<h2 class=\"elementor-heading-title elementor-size-default\">Certificates<\/h2>\t\t\t\t<\/div>\n\t\t\t\t<\/div>\n\t\t\t\t\t<\/div>\n\t\t<\/div>\n\t\t\t\t\t<\/div>\n\t\t<\/section>\n\t\t\t\t<section class=\"elementor-section elementor-top-section elementor-element elementor-element-e7f881e elementor-section-boxed elementor-section-height-default elementor-section-height-default sc_fly_static\" data-id=\"e7f881e\" data-element_type=\"section\">\n\t\t\t\t\t\t<div class=\"elementor-container elementor-column-gap-extended\">\n\t\t\t\t\t<div class=\"elementor-column elementor-col-100 elementor-top-column elementor-element elementor-element-fd1cd33 sc_content_align_inherit sc_layouts_column_icons_position_left sc_fly_static\" data-id=\"fd1cd33\" data-element_type=\"column\">\n\t\t\t<div class=\"elementor-widget-wrap elementor-element-populated\">\n\t\t\t\t\t\t<div class=\"elementor-element elementor-element-241f85f sc_fly_static elementor-widget elementor-widget-spacer\" data-id=\"241f85f\" data-element_type=\"widget\" data-widget_type=\"spacer.default\">\n\t\t\t\t<div class=\"elementor-widget-container\">\n\t\t\t\t\t\t\t<div class=\"elementor-spacer\">\n\t\t\t<div class=\"elementor-spacer-inner\"><\/div>\n\t\t<\/div>\n\t\t\t\t\t\t<\/div>\n\t\t\t\t<\/div>\n\t\t\t\t<div class=\"elementor-element elementor-element-44d3c3b sc_fly_static elementor-widget elementor-widget-gallery\" data-id=\"44d3c3b\" data-element_type=\"widget\" data-settings=\"{&quot;aspect_ratio&quot;:&quot;1:1&quot;,&quot;lazyload&quot;:&quot;yes&quot;,&quot;gallery_layout&quot;:&quot;grid&quot;,&quot;columns&quot;:4,&quot;columns_tablet&quot;:2,&quot;columns_mobile&quot;:1,&quot;gap&quot;:{&quot;unit&quot;:&quot;px&quot;,&quot;size&quot;:10,&quot;sizes&quot;:[]},&quot;gap_tablet&quot;:{&quot;unit&quot;:&quot;px&quot;,&quot;size&quot;:10,&quot;sizes&quot;:[]},&quot;gap_mobile&quot;:{&quot;unit&quot;:&quot;px&quot;,&quot;size&quot;:10,&quot;sizes&quot;:[]},&quot;link_to&quot;:&quot;file&quot;,&quot;overlay_background&quot;:&quot;yes&quot;,&quot;content_hover_animation&quot;:&quot;fade-in&quot;}\" data-widget_type=\"gallery.default\">\n\t\t\t\t<div class=\"elementor-widget-container\">\n\t\t\t\t\t\t\t<div class=\"elementor-gallery__container\">\r\n\t\t\t\t\t\t\t<a class=\"e-gallery-item elementor-gallery-item elementor-animated-content\" href=\"https:\/\/www.aksinsaglik.com.tr\/wp-content\/uploads\/2025\/10\/AKSIN-ISLETME-BELGESI.jpeg\" data-elementor-open-lightbox=\"yes\" data-elementor-lightbox-slideshow=\"44d3c3b\" data-elementor-lightbox-title=\"AKSIN I\u0307S\u0327LETME BELGESI\u0307\" data-e-action-hash=\"#elementor-action%3Aaction%3Dlightbox%26settings%3DeyJpZCI6NTkxMzEsInVybCI6Imh0dHBzOlwvXC93d3cuYWtzaW5zYWdsaWsuY29tLnRyXC93cC1jb250ZW50XC91cGxvYWRzXC8yMDI1XC8xMFwvQUtTSU4tSVNMRVRNRS1CRUxHRVNJLmpwZWciLCJzbGlkZXNob3ciOiI0NGQzYzNiIn0%3D\">\r\n\t\t\t\t\t<div class=\"e-gallery-image elementor-gallery-item__image\" data-thumbnail=\"https:\/\/www.aksinsaglik.com.tr\/wp-content\/uploads\/2025\/10\/AKSIN-ISLETME-BELGESI.jpeg\" data-width=\"897\" data-height=\"1200\" aria-label=\"\" role=\"img\" ><\/div>\r\n\t\t\t\t\t\t\t\t\t\t\t<div class=\"elementor-gallery-item__overlay\"><\/div>\r\n\t\t\t\t\t\t\t\t\t\t\t\t\t\t<\/a>\r\n\t\t\t\t\t\t\t<a class=\"e-gallery-item elementor-gallery-item elementor-animated-content\" href=\"https:\/\/www.aksinsaglik.com.tr\/wp-content\/uploads\/2025\/10\/AKSIN-USHAS-e1762176528518.jpeg\" data-elementor-open-lightbox=\"yes\" data-elementor-lightbox-slideshow=\"44d3c3b\" data-elementor-lightbox-title=\"AKSIN USHAS\u0327\" data-e-action-hash=\"#elementor-action%3Aaction%3Dlightbox%26settings%3DeyJpZCI6NTkxMzIsInVybCI6Imh0dHBzOlwvXC93d3cuYWtzaW5zYWdsaWsuY29tLnRyXC93cC1jb250ZW50XC91cGxvYWRzXC8yMDI1XC8xMFwvQUtTSU4tVVNIQVMtZTE3NjIxNzY1Mjg1MTguanBlZyIsInNsaWRlc2hvdyI6IjQ0ZDNjM2IifQ%3D%3D\">\r\n\t\t\t\t\t<div class=\"e-gallery-image elementor-gallery-item__image\" data-thumbnail=\"https:\/\/www.aksinsaglik.com.tr\/wp-content\/uploads\/2025\/10\/AKSIN-USHAS-e1762176528518.jpeg\" data-width=\"1200\" data-height=\"838\" aria-label=\"\" role=\"img\" ><\/div>\r\n\t\t\t\t\t\t\t\t\t\t\t<div class=\"elementor-gallery-item__overlay\"><\/div>\r\n\t\t\t\t\t\t\t\t\t\t\t\t\t\t<\/a>\r\n\t\t\t\t\t\t\t<a class=\"e-gallery-item elementor-gallery-item elementor-animated-content\" href=\"https:\/\/www.aksinsaglik.com.tr\/wp-content\/uploads\/2025\/10\/guvenli-turizm-300-295x300-1.jpg\" data-elementor-open-lightbox=\"yes\" data-elementor-lightbox-slideshow=\"44d3c3b\" data-elementor-lightbox-title=\"guvenli-turizm-300-295x300-1\" data-e-action-hash=\"#elementor-action%3Aaction%3Dlightbox%26settings%3DeyJpZCI6NTkxMzMsInVybCI6Imh0dHBzOlwvXC93d3cuYWtzaW5zYWdsaWsuY29tLnRyXC93cC1jb250ZW50XC91cGxvYWRzXC8yMDI1XC8xMFwvZ3V2ZW5saS10dXJpem0tMzAwLTI5NXgzMDAtMS5qcGciLCJzbGlkZXNob3ciOiI0NGQzYzNiIn0%3D\">\r\n\t\t\t\t\t<div class=\"e-gallery-image elementor-gallery-item__image\" data-thumbnail=\"https:\/\/www.aksinsaglik.com.tr\/wp-content\/uploads\/2025\/10\/guvenli-turizm-300-295x300-1.jpg\" data-width=\"295\" data-height=\"300\" aria-label=\"\" role=\"img\" ><\/div>\r\n\t\t\t\t\t\t\t\t\t\t\t<div class=\"elementor-gallery-item__overlay\"><\/div>\r\n\t\t\t\t\t\t\t\t\t\t\t\t\t\t<\/a>\r\n\t\t\t\t\t\t\t<a class=\"e-gallery-item elementor-gallery-item elementor-animated-content\" href=\"https:\/\/www.aksinsaglik.com.tr\/wp-content\/uploads\/2025\/10\/ISO-BELGE.jpg\" data-elementor-open-lightbox=\"yes\" data-elementor-lightbox-slideshow=\"44d3c3b\" data-elementor-lightbox-title=\"ISO BELGE\" data-e-action-hash=\"#elementor-action%3Aaction%3Dlightbox%26settings%3DeyJpZCI6NTkxMzQsInVybCI6Imh0dHBzOlwvXC93d3cuYWtzaW5zYWdsaWsuY29tLnRyXC93cC1jb250ZW50XC91cGxvYWRzXC8yMDI1XC8xMFwvSVNPLUJFTEdFLmpwZyIsInNsaWRlc2hvdyI6IjQ0ZDNjM2IifQ%3D%3D\">\r\n\t\t\t\t\t<div class=\"e-gallery-image elementor-gallery-item__image\" data-thumbnail=\"https:\/\/www.aksinsaglik.com.tr\/wp-content\/uploads\/2025\/10\/ISO-BELGE.jpg\" data-width=\"650\" data-height=\"250\" aria-label=\"\" role=\"img\" ><\/div>\r\n\t\t\t\t\t\t\t\t\t\t\t<div class=\"elementor-gallery-item__overlay\"><\/div>\r\n\t\t\t\t\t\t\t\t\t\t\t\t\t\t<\/a>\r\n\t\t\t\t\t<\/div>\r\n\t\t\t\t\t<\/div>\n\t\t\t\t<\/div>\n\t\t\t\t\t<\/div>\n\t\t<\/div>\n\t\t\t\t\t<\/div>\n\t\t<\/section>\n\t\t\t\t<section class=\"elementor-section elementor-top-section elementor-element elementor-element-feddf9b elementor-section-boxed elementor-section-height-default elementor-section-height-default sc_fly_static\" data-id=\"feddf9b\" data-element_type=\"section\">\n\t\t\t\t\t\t<div class=\"elementor-container elementor-column-gap-extended\">\n\t\t\t\t\t<div class=\"elementor-column elementor-col-100 elementor-top-column elementor-element elementor-element-26c87ef sc_content_align_inherit sc_layouts_column_icons_position_left sc_fly_static\" data-id=\"26c87ef\" data-element_type=\"column\">\n\t\t\t<div class=\"elementor-widget-wrap elementor-element-populated\">\n\t\t\t\t\t\t<div class=\"elementor-element elementor-element-0ae1e34 sc_fly_static elementor-widget elementor-widget-spacer\" data-id=\"0ae1e34\" data-element_type=\"widget\" data-widget_type=\"spacer.default\">\n\t\t\t\t<div class=\"elementor-widget-container\">\n\t\t\t\t\t\t\t<div class=\"elementor-spacer\">\n\t\t\t<div class=\"elementor-spacer-inner\"><\/div>\n\t\t<\/div>\n\t\t\t\t\t\t<\/div>\n\t\t\t\t<\/div>\n\t\t\t\t\t<\/div>\n\t\t<\/div>\n\t\t\t\t\t<\/div>\n\t\t<\/section>\n\t\t\t\t<section class=\"elementor-section elementor-top-section elementor-element elementor-element-ddbb8f5 elementor-section-boxed elementor-section-height-default elementor-section-height-default sc_fly_static\" data-id=\"ddbb8f5\" data-element_type=\"section\">\n\t\t\t\t\t\t<div class=\"elementor-container elementor-column-gap-extended\">\n\t\t\t\t\t<div class=\"elementor-column elementor-col-100 elementor-top-column elementor-element elementor-element-54ace26 sc_content_align_inherit sc_layouts_column_icons_position_left sc_fly_static\" data-id=\"54ace26\" data-element_type=\"column\">\n\t\t\t<div class=\"elementor-widget-wrap elementor-element-populated\">\n\t\t\t\t\t\t<div class=\"elementor-element elementor-element-49f4cbf sc_fly_static elementor-widget elementor-widget-heading\" data-id=\"49f4cbf\" data-element_type=\"widget\" data-widget_type=\"heading.default\">\n\t\t\t\t<div class=\"elementor-widget-container\">\n\t\t\t\t\t<h2 class=\"elementor-heading-title elementor-size-default\">Our Partners<\/h2>\t\t\t\t<\/div>\n\t\t\t\t<\/div>\n\t\t\t\t<div class=\"elementor-element elementor-element-bfb898f sc_fly_static elementor-widget elementor-widget-image\" data-id=\"bfb898f\" data-element_type=\"widget\" data-widget_type=\"image.default\">\n\t\t\t\t<div class=\"elementor-widget-container\">\n\t\t\t\t\t\t\t\t\t\t\t\t\t\t\t<img decoding=\"async\" width=\"370\" height=\"249\" src=\"https:\/\/www.aksinsaglik.com.tr\/wp-content\/uploads\/2025\/10\/elix-logo-cropped-370x249.png\" class=\"attachment-post-thumbnail size-post-thumbnail wp-image-59126\" alt=\"\" srcset=\"https:\/\/www.aksinsaglik.com.tr\/wp-content\/uploads\/2025\/10\/elix-logo-cropped-370x249.png 370w, https:\/\/www.aksinsaglik.com.tr\/wp-content\/uploads\/2025\/10\/elix-logo-cropped-300x202.png 300w, https:\/\/www.aksinsaglik.com.tr\/wp-content\/uploads\/2025\/10\/elix-logo-cropped-18x12.png 18w, https:\/\/www.aksinsaglik.com.tr\/wp-content\/uploads\/2025\/10\/elix-logo-cropped-410x276.png 410w, https:\/\/www.aksinsaglik.com.tr\/wp-content\/uploads\/2025\/10\/elix-logo-cropped.png 596w\" sizes=\"(max-width: 600px) 100vw, 370px\" \/>\t\t\t\t\t\t\t\t\t\t\t\t\t\t\t<\/div>\n\t\t\t\t<\/div>\n\t\t\t\t\t<\/div>\n\t\t<\/div>\n\t\t\t\t\t<\/div>\n\t\t<\/section>\n\t\t\t\t<\/div>","protected":false},"excerpt":{"rendered":"<p>Sa\u011fl\u0131\u011f\u0131n, esteti\u011fin ve g\u00fcvenin bir araya geldi\u011fi adres: Aks\u0131n International Health Travel Agency. Sa\u011fl\u0131k turizmi alan\u0131nda uluslararas\u0131 standartlarda hizmet sunan acentemiz, T\u00fcrkiye\u2019nin en se\u00e7kin sa\u011fl\u0131k kurulu\u015flar\u0131 ve alan\u0131nda uzman doktor&hellip;<\/p>","protected":false},"author":1,"featured_media":59089,"parent":0,"menu_order":0,"comment_status":"closed","ping_status":"closed","template":"","meta":{"footnotes":""},"class_list":["post-44879","page","type-page","status-publish","has-post-thumbnail","hentry"],"_links":{"self":[{"href":"https:\/\/www.aksinsaglik.com.tr\/en\/wp-json\/wp\/v2\/pages\/44879","targetHints":{"allow":["GET"]}}],"collection":[{"href":"https:\/\/www.aksinsaglik.com.tr\/en\/wp-json\/wp\/v2\/pages"}],"about":[{"href":"https:\/\/www.aksinsaglik.com.tr\/en\/wp-json\/wp\/v2\/types\/page"}],"author":[{"embeddable":true,"href":"https:\/\/www.aksinsaglik.com.tr\/en\/wp-json\/wp\/v2\/users\/1"}],"replies":[{"embeddable":true,"href":"https:\/\/www.aksinsaglik.com.tr\/en\/wp-json\/wp\/v2\/comments?post=44879"}],"version-history":[{"count":82,"href":"https:\/\/www.aksinsaglik.com.tr\/en\/wp-json\/wp\/v2\/pages\/44879\/revisions"}],"predecessor-version":[{"id":59169,"href":"https:\/\/www.aksinsaglik.com.tr\/en\/wp-json\/wp\/v2\/pages\/44879\/revisions\/59169"}],"wp:featuredmedia":[{"embeddable":true,"href":"https:\/\/www.aksinsaglik.com.tr\/en\/wp-json\/wp\/v2\/media\/59089"}],"wp:attachment":[{"href":"https:\/\/www.aksinsaglik.com.tr\/en\/wp-json\/wp\/v2\/media?parent=44879"}],"curies":[{"name":"wp","href":"https:\/\/api.w.org\/{rel}","templated":true}]}}